{"id":10331,"date":"2022-04-10T21:19:25","date_gmt":"2022-04-11T00:19:25","guid":{"rendered":"https:\/\/amoazulejo.com.br\/index.php\/produto\/azulejo-sensacional\/"},"modified":"2022-04-10T21:19:40","modified_gmt":"2022-04-11T00:19:40","slug":"azulejo-sensacional","status":"publish","type":"product","link":"https:\/\/amoazulejo.com.br\/index.php\/produto\/azulejo-sensacional\/","title":{"rendered":"Azulejo Sensacional"},"content":{"rendered":"<p>D\u00daVIDAS FREQUENTES<\/p>\n<p>1. Personaliza qualquer imagem?<br \/>Sim personalizamos qualquer imagem, \u00e9 necess\u00e1rio que esteja em boa defini\u00e7\u00e3o para que o trabalho saia em excelente qualidade;<\/p>\n<p>2. Como envio a imagem?<br \/>Durante a compra ir\u00e1 aparecer um local para anexar a sua foto ou imagem; <\/p>\n<p>3. Como \u00e9 feita a impress\u00e3o da imagem?<br \/>A imagem \u00e9 personalizada artesanalmente por processo digital direto na Cer\u00e2mica Resinada;<\/p>\n<p>4. Posso enviar a minha arte?<br \/>Voc\u00ea poder\u00e1 enviar a sua arte em PNG,JPG,PDF Corel Drawn e Photoshop;<\/p>\n<p>5. Voc\u00ea produz a arte?<br \/>SIM. Elaboramos a arte do seu jeito sem custo adicional;<\/p>\n<p>6. Voc\u00ea tem somente esse produto?<br \/>N\u00c3O. Trabalhamos com os mais diversos tipos de porcelanas, tamanhos e formatos;<\/p>\n<p>7. Quais os tamanhos do azulejos?<br \/>Os tamanhos dispon\u00edveis s\u00e3o:<br \/>QUADRADO<br \/>10X10 cm<br \/>15\u00d715 cm<br \/>20\u00d720 cm<\/p>\n<p>RETANGULAR<br \/>20\u00d730 cm<\/p>\n<p>8. Quanto tempo para ser produzido?<br \/>O processo de produ\u00e7\u00e3o \u00e9 bem r\u00e1pido, de 7 dias \u00fateis, ap\u00f3s a sua compra; <\/p>\n<p>9. Como aplicar o revestimento na parede?<br \/>Pode ser aplicado por argamassa, silicone, fita adesiva, plastic; <\/p>\n<p>10. Posso utilizar em piscinas e banheiros?<br \/>N\u00e3o aconselhamos usar em ambientes que cont\u00e9m contato direto com \u00e1gua; <\/p>\n<p>11. Posso utilizar em pisos?<br \/>N\u00e3o aconselhamos usar em pisos, por ser um produto artesanal e conter resina sens\u00edvel a riscos; <\/p>\n<p>12. Qual o tipo de personaliza\u00e7\u00e3o?<br \/>Personaliza\u00e7\u00e3o \u00e9 feita de forma artesanal por processo de impress\u00e3o digital em Cer\u00e2mica Resinada;<\/p>\n<p>13 \u2013 Qual a Garantia e a durabilidade?<\/p>\n<p>ATEN\u00c7\u00c3O: A durabilidade ir\u00e1 variar de acordo com as condi\u00e7\u00f5es naturais em que forem expostas (sol,chuva),<\/p>\n<p>AMBIENTES EXTERNOS: por ser uma porcelana resinada, informamos que para uma melhor durabilidade deve-se passar 2 dem\u00e3os de Verniz UV ou verniz naval, sobre a porcelana antes de expo-las ao tempo.<br \/>por isso ao efetuar a compra conosco, tenha ci\u00eancia que o produto para permanecer em boas condi\u00e7\u00f5es dever\u00e1 contar as condi\u00e7\u00f5es naturais em que ser\u00e3o expostas;<br \/>* orienta-se ser fixado com argamassa , plastic ou silicone;<\/p>\n<p>AMBIENTES INTERNOS: se a porcelana n\u00e3o for exposta ao tempo, ao sol e chuva,tem dura\u00e7\u00e3o infinita, sem a necessidade de utilizar verniz para prote\u00e7\u00e3o;<br \/>* orienta-se ser fixado com argamassa , plastic ou silicone, fita adesiva resistente;<\/p>\n<p>ATEN\u00c7\u00c3O: POR SER UMA PORCELANA RESINADA, TORNA-SE SENS\u00cdVEL A RISCOS, SE N\u00c3O FOR CORRETAMENTE MANUSEADA;<\/p>\n<p>GARANTIA: O nosso dever \u00e9 que a porcelana chegue em perfeitas condi\u00e7\u00f5es, com alta qualidade e intacta at\u00e9 voc\u00ea, <br \/>por\u00e9m ap\u00f3s ser entregue, n\u00e3o nos responsabilizamos por manuseio errado,avarias e riscos,que vanham ocorrer!<br \/>Para isso temos o registro de cada produto que foi enviado, como garantia e transpar\u00eancia para ambas as partes!<\/p>\n","protected":false},"excerpt":{"rendered":"<p>Torne seus sonhos realidade!<br \/>Escolha entre mais de 50 cores de azulejo! A Amo Azulejo \u00e9 especializada em azulejos para ambientes internos. <br \/>Se n\u00e3o encontrar o que procura, n\u00f3s fazemos para voc\u00ea. Deixe sua casa do jeito que voc\u00ea quer.<\/p>\n","protected":false},"featured_media":10330,"comment_status":"open","ping_status":"closed","template":"","meta":{"inline_featured_image":false},"product_cat":[157],"product_tag":[],"class_list":{"0":"post-10331","1":"product","2":"type-product","3":"status-publish","4":"has-post-thumbnail","6":"product_cat-revestimentos","8":"first","9":"instock","10":"shipping-taxable","11":"purchasable","12":"product-type-variable","13":"add-to-wishlist-after_add_to_cart"},"aioseo_notices":[],"acf":[],"_links":{"self":[{"href":"https:\/\/amoazulejo.com.br\/index.php\/wp-json\/wp\/v2\/product\/10331","targetHints":{"allow":["GET"]}}],"collection":[{"href":"https:\/\/amoazulejo.com.br\/index.php\/wp-json\/wp\/v2\/product"}],"about":[{"href":"https:\/\/amoazulejo.com.br\/index.php\/wp-json\/wp\/v2\/types\/product"}],"replies":[{"embeddable":true,"href":"https:\/\/amoazulejo.com.br\/index.php\/wp-json\/wp\/v2\/comments?post=10331"}],"version-history":[{"count":0,"href":"https:\/\/amoazulejo.com.br\/index.php\/wp-json\/wp\/v2\/product\/10331\/revisions"}],"wp:featuredmedia":[{"embeddable":true,"href":"https:\/\/amoazulejo.com.br\/index.php\/wp-json\/wp\/v2\/media\/10330"}],"wp:attachment":[{"href":"https:\/\/amoazulejo.com.br\/index.php\/wp-json\/wp\/v2\/media?parent=10331"}],"wp:term":[{"taxonomy":"product_cat","embeddable":true,"href":"https:\/\/amoazulejo.com.br\/index.php\/wp-json\/wp\/v2\/product_cat?post=10331"},{"taxonomy":"product_tag","embeddable":true,"href":"https:\/\/amoazulejo.com.br\/index.php\/wp-json\/wp\/v2\/product_tag?post=10331"}],"curies":[{"name":"wp","href":"https:\/\/api.w.org\/{rel}","templated":true}]}}