{"id":18438,"date":"2022-12-28T00:32:45","date_gmt":"2022-12-28T03:32:45","guid":{"rendered":"https:\/\/amoazulejo.com.br\/index.php\/produto\/caneca-teu-cu-gato-meme-ventilador-animado-engracado\/"},"modified":"2023-01-11T21:35:08","modified_gmt":"2023-01-12T00:35:08","slug":"caneca-teu-cu-gato-meme-ventilador-animado-engracado","status":"publish","type":"product","link":"https:\/\/amoazulejo.com.br\/index.php\/produto\/caneca-teu-cu-gato-meme-ventilador-animado-engracado\/","title":{"rendered":"Caneca Teu Cu! Gato meme ventilador animado engra\u00e7ado"},"content":{"rendered":"<p>\u201cAs nossas canecas s\u00e3o confeccionadas em cer\u00e2mica de alta qualidade, com muito cuidado para que nossos clientes se sintam satisfeitos. As canecas podem ir \u00e0 lava-lou\u00e7as e micro-ondas sem problemas, o que n\u00e3o afetar\u00e1 em nada a impress\u00e3o, pois a impress\u00e3o \u00e9 feita na superf\u00edcie da caneca.<\/p>\n<p>Informa\u00e7\u00f5es T\u00e9cnicas<br \/>\u2013 Conte\u00fado da embalagem: 1 caneca importada padr\u00e3o AAA<br \/>\u2013 Capacidade: 325 ml<br \/>\u2013 Modelo: 11oz<br \/>\u2013 Material: cer\u00e2mica\/procelana<br \/>\u2013 Cor: Branca<br \/>\u2013 Dimens\u00e3o aproximada da embalagem: 11 x 10 x 9 cm<br \/>\u2013 Di\u00e2metro da caneca: 8 cm\u201d<\/p>\n","protected":false},"excerpt":{"rendered":"<p>A Caneca Teu Cu! Gato meme ventilador animado engra\u00e7ado \u00e9 uma caneca incr\u00edvel de alta qualidade que ser\u00e1 apreciada por todos. \u00c9 perfeita para recorda, as nossas canecas s\u00e3o feitas de material duravel e de alta qualidade e s\u00e3o leves e f\u00e1ceis de manusear.<br \/>\u00c9 projetada por profissionais e vai embalada com qualidade e seguran\u00e7a.<br \/>Cod: 5883<\/p>\n","protected":false},"featured_media":18435,"comment_status":"open","ping_status":"closed","template":"","meta":{"inline_featured_image":false},"product_cat":[314],"product_tag":[],"class_list":{"0":"post-18438","1":"product","2":"type-product","3":"status-publish","4":"has-post-thumbnail","6":"product_cat-canecas","8":"first","9":"instock","10":"sale","11":"shipping-taxable","12":"purchasable","13":"product-type-simple","14":"add-to-wishlist-after_add_to_cart","15":"fm-hide-badges"},"aioseo_notices":[],"acf":[],"_links":{"self":[{"href":"https:\/\/amoazulejo.com.br\/index.php\/wp-json\/wp\/v2\/product\/18438","targetHints":{"allow":["GET"]}}],"collection":[{"href":"https:\/\/amoazulejo.com.br\/index.php\/wp-json\/wp\/v2\/product"}],"about":[{"href":"https:\/\/amoazulejo.com.br\/index.php\/wp-json\/wp\/v2\/types\/product"}],"replies":[{"embeddable":true,"href":"https:\/\/amoazulejo.com.br\/index.php\/wp-json\/wp\/v2\/comments?post=18438"}],"version-history":[{"count":0,"href":"https:\/\/amoazulejo.com.br\/index.php\/wp-json\/wp\/v2\/product\/18438\/revisions"}],"wp:featuredmedia":[{"embeddable":true,"href":"https:\/\/amoazulejo.com.br\/index.php\/wp-json\/wp\/v2\/media\/18435"}],"wp:attachment":[{"href":"https:\/\/amoazulejo.com.br\/index.php\/wp-json\/wp\/v2\/media?parent=18438"}],"wp:term":[{"taxonomy":"product_cat","embeddable":true,"href":"https:\/\/amoazulejo.com.br\/index.php\/wp-json\/wp\/v2\/product_cat?post=18438"},{"taxonomy":"product_tag","embeddable":true,"href":"https:\/\/amoazulejo.com.br\/index.php\/wp-json\/wp\/v2\/product_tag?post=18438"}],"curies":[{"name":"wp","href":"https:\/\/api.w.org\/{rel}","templated":true}]}}