{"id":21839,"date":"2023-02-01T11:30:52","date_gmt":"2023-02-01T14:30:52","guid":{"rendered":"https:\/\/amoazulejo.com.br\/index.php\/produto\/caneca-dia-das-maes-presente-do-melhor-filho-do-mundo\/"},"modified":"2023-02-02T13:21:42","modified_gmt":"2023-02-02T16:21:42","slug":"caneca-dia-das-maes-presente-do-melhor-filho-do-mundo","status":"publish","type":"product","link":"https:\/\/amoazulejo.com.br\/index.php\/produto\/caneca-dia-das-maes-presente-do-melhor-filho-do-mundo\/","title":{"rendered":"Caneca Dia das Ma\u0303es presente do melhor filho do mundo"},"content":{"rendered":"<p>&#8220;As nossas canecas s\u00e3o confeccionadas em cer\u00e2mica de alta qualidade, com muito cuidado para que nossos clientes se sintam satisfeitos. As canecas podem ir \u00e0 lava-lou\u00e7as e micro-ondas sem problemas, o que n\u00e3o afetar\u00e1 em nada a impress\u00e3o, pois a impress\u00e3o \u00e9 feita na superf\u00edcie da caneca.<\/p>\n<p>Informa\u00e7\u00f5es T\u00e9cnicas<br \/>&#8211; Conte\u00fado da embalagem: 1 caneca importada padr\u00e3o AAA<br \/>&#8211; Capacidade: 325 ml<br \/>&#8211; Modelo: 11oz<br \/>&#8211; Material: cer\u00e2mica\/procelana<br \/>&#8211; Cor: Branca<br \/>&#8211; Dimens\u00e3o aproximada da embalagem: 11 x 10 x 9 cm<br \/>&#8211; Di\u00e2metro da caneca: 8 cm&#8221;<\/p>\n","protected":false},"excerpt":{"rendered":"<p>A Caneca feliz dia das maes Dia das Ma\u0303es presente do melhor filho do mundo \u00e9 uma caneca incr\u00edvel de alta qualidade que ser\u00e1 apreciada por todos. \u00c9 perfeita para recorda, as nossas canecas s\u00e3o feitas de material duravel e de alta qualidade e s\u00e3o leves e f\u00e1ceis de manusear.<br \/>\u00c9 projetada por profissionais e vai embalada com qualidade e seguran\u00e7a.<br \/>Cod: 6679<\/p>\n","protected":false},"featured_media":21836,"comment_status":"open","ping_status":"closed","template":"","meta":{"inline_featured_image":false},"product_cat":[314],"product_tag":[],"class_list":{"0":"post-21839","1":"product","2":"type-product","3":"status-publish","4":"has-post-thumbnail","6":"product_cat-canecas","8":"first","9":"instock","10":"sale","11":"shipping-taxable","12":"purchasable","13":"product-type-simple","14":"add-to-wishlist-after_add_to_cart","15":"fm-hide-badges"},"aioseo_notices":[],"acf":[],"_links":{"self":[{"href":"https:\/\/amoazulejo.com.br\/index.php\/wp-json\/wp\/v2\/product\/21839","targetHints":{"allow":["GET"]}}],"collection":[{"href":"https:\/\/amoazulejo.com.br\/index.php\/wp-json\/wp\/v2\/product"}],"about":[{"href":"https:\/\/amoazulejo.com.br\/index.php\/wp-json\/wp\/v2\/types\/product"}],"replies":[{"embeddable":true,"href":"https:\/\/amoazulejo.com.br\/index.php\/wp-json\/wp\/v2\/comments?post=21839"}],"version-history":[{"count":0,"href":"https:\/\/amoazulejo.com.br\/index.php\/wp-json\/wp\/v2\/product\/21839\/revisions"}],"wp:featuredmedia":[{"embeddable":true,"href":"https:\/\/amoazulejo.com.br\/index.php\/wp-json\/wp\/v2\/media\/21836"}],"wp:attachment":[{"href":"https:\/\/amoazulejo.com.br\/index.php\/wp-json\/wp\/v2\/media?parent=21839"}],"wp:term":[{"taxonomy":"product_cat","embeddable":true,"href":"https:\/\/amoazulejo.com.br\/index.php\/wp-json\/wp\/v2\/product_cat?post=21839"},{"taxonomy":"product_tag","embeddable":true,"href":"https:\/\/amoazulejo.com.br\/index.php\/wp-json\/wp\/v2\/product_tag?post=21839"}],"curies":[{"name":"wp","href":"https:\/\/api.w.org\/{rel}","templated":true}]}}