{"id":2424,"date":"2022-02-16T18:52:55","date_gmt":"2022-02-16T21:52:55","guid":{"rendered":"https:\/\/amoazulejo.com.br\/index.php\/produto\/azulejo-personalizado-lar-doce-lar-15-x-15-400\/"},"modified":"2022-02-18T21:10:51","modified_gmt":"2022-02-19T00:10:51","slug":"azulejo-personalizado-lar-doce-lar-15-x-15-400","status":"publish","type":"product","link":"https:\/\/amoazulejo.com.br\/index.php\/produto\/azulejo-personalizado-lar-doce-lar-15-x-15-400\/","title":{"rendered":"Azulejo Personalizado Lar Doce Lar 15 x 15 400"},"content":{"rendered":"<p>D\u00daVIDAS FREQUENTES<\/p>\n<p>1 &#8211; Quais s\u00e3o os tamanhos?<\/p>\n<p>&#8211; 20X20 &#8211; Quadrado;<br \/>&#8211; 15X15 &#8211; Quadrado;<\/p>\n<p>Acess\u00f3rios:<br \/>-com fita<br \/>-com moldura tipo quadro<br \/>-com suporte <\/p>\n<p>2 &#8211; Como voc\u00eas fazem a personaliza\u00e7\u00e3o?<\/p>\n<p>&#8211; A imagem \u00e9 personalizada por processo digital a uma temperatura de 200\u00baC em Porcelana\/Cer\u00e2mica Resinada;<\/p>\n<p>3 &#8211; Quanto tempo para ser feito?<\/p>\n<p>&#8211; O processo de produ\u00e7\u00e3o \u00e9 bem r\u00e1pido, de 1 dias \u00fatil para pequenas quantidades e 7 dias para grandes quantidades; <br \/>Consulte o prazo!<\/p>\n<p>4 &#8211; Voc\u00ea tem somente esse produto?<\/p>\n<p>&#8211; N\u00e3o! <br \/>N\u00f3s trabalhamos com os mais diversos tipos de porcelanas, tamanhos e formatos. <\/p>\n<p>*Role a p\u00e1gina at\u00e9 o final, procure MAIS AN\u00daNCIOS DO VENDEDOR, clique em VER MAIS.<\/p>\n<p>5 &#8211; Qual o tipo de personaliza\u00e7\u00e3o?<br \/>&#8211; Personaliza\u00e7\u00e3o Digital<br \/>&#8211; Porcelana Resinada<\/p>\n<p>6 &#8211; Como utilizar?<\/p>\n<p>&#8211; Pode ser aplicado com silicone, argamassa, fita adesiva resistente;<br \/>&#8211; No caso de moldura tipo quadro acompanha o acess\u00f3rio para embutir na parede;<\/p>\n<p>7 &#8211; Qual a Garantia e a durabilidade?<\/p>\n<p>&#8211; ATEN\u00c7\u00c3O: A durabilidade ir\u00e1 variar de acordo com as condi\u00e7\u00f5es naturais em que forem expostas (sol, chuva).<\/p>\n<p>AMBIENTES EXTERNOS: por ser uma porcelana resinada, informamos que para uma melhor durabilidade deve-se passar 2 dem\u00e3os de Verniz UV ou Verniz Naval sobre a porcelana antes de expo-las ao tempo.<br \/>por isso ao efetuar a compra conosco, tenha ci\u00eancia que o produto para permanecer em boas condi\u00e7\u00f5es dever\u00e1 contar as condi\u00e7\u00f5es naturais em que ser\u00e3o expostas.<br \/>* orienta-se ser fixado com argamassa , plastic ou silicone.<\/p>\n<p>AMBIENTES INTERNOS: se a porcelana n\u00e3o for exposta TEMPO, ao sol e chuva, n\u00e3o h\u00e1 necessidade de utilizar verniz UV sobre a porcelana, o tempo de dura\u00e7\u00e3o \u00e9 infinita!<br \/>*Orienta-se ser fixado com argamassa , plastic ou silicone, fita adesiva resistente;<\/p>\n<p>&#8211; ATEN\u00c7\u00c3O: POR SER UMA PORCELANA RESINADA, TORNA-SE SENS\u00cdVEL A RISCOS, SE N\u00c3O FOR CORRETAMENTE MANUSEADA;<br \/>O nosso dever \u00e9 que a porcelana chegue em perfeitas condi\u00e7\u00f5es, com alta qualidade e intacta ao cliente, <br \/>por\u00e9m ap\u00f3s ser entregue, n\u00e3o nos responsabilizamos por manuseio errado ou avarias que venham ocorrer!<br \/>Para isso temos o registro de cada produto que foi enviado, como garantia e transpar\u00eancia para ambas as partes!<\/p>\n","protected":false},"excerpt":{"rendered":"<p>Azulejo Personalizado<br \/>Ideal para Lembran\u00e7as e Decora\u00e7\u00f5es;<br \/>O azulejo de porcelana \u00e9 uma pe\u00e7a delicada e tem como suas principais fun\u00e7\u00f5es memorar  os lugares, um registro, uma arte, uma homenagem, um presente personalizado, uma decora\u00e7\u00e3o exclusiva;<\/p>\n","protected":false},"featured_media":2877,"comment_status":"open","ping_status":"closed","template":"","meta":{"inline_featured_image":false},"product_cat":[15,160],"product_tag":[],"class_list":{"0":"post-2424","1":"product","2":"type-product","3":"status-publish","4":"has-post-thumbnail","6":"product_cat-colecoes","7":"product_cat-lar-doce-lar","9":"first","10":"instock","11":"shipping-taxable","12":"purchasable","13":"product-type-variable","14":"add-to-wishlist-after_add_to_cart"},"aioseo_notices":[],"acf":[],"_links":{"self":[{"href":"https:\/\/amoazulejo.com.br\/index.php\/wp-json\/wp\/v2\/product\/2424","targetHints":{"allow":["GET"]}}],"collection":[{"href":"https:\/\/amoazulejo.com.br\/index.php\/wp-json\/wp\/v2\/product"}],"about":[{"href":"https:\/\/amoazulejo.com.br\/index.php\/wp-json\/wp\/v2\/types\/product"}],"replies":[{"embeddable":true,"href":"https:\/\/amoazulejo.com.br\/index.php\/wp-json\/wp\/v2\/comments?post=2424"}],"version-history":[{"count":0,"href":"https:\/\/amoazulejo.com.br\/index.php\/wp-json\/wp\/v2\/product\/2424\/revisions"}],"wp:featuredmedia":[{"embeddable":true,"href":"https:\/\/amoazulejo.com.br\/index.php\/wp-json\/wp\/v2\/media\/2877"}],"wp:attachment":[{"href":"https:\/\/amoazulejo.com.br\/index.php\/wp-json\/wp\/v2\/media?parent=2424"}],"wp:term":[{"taxonomy":"product_cat","embeddable":true,"href":"https:\/\/amoazulejo.com.br\/index.php\/wp-json\/wp\/v2\/product_cat?post=2424"},{"taxonomy":"product_tag","embeddable":true,"href":"https:\/\/amoazulejo.com.br\/index.php\/wp-json\/wp\/v2\/product_tag?post=2424"}],"curies":[{"name":"wp","href":"https:\/\/api.w.org\/{rel}","templated":true}]}}