{"id":3595,"date":"2022-02-20T18:44:22","date_gmt":"2022-02-20T21:44:22","guid":{"rendered":"https:\/\/amoazulejo.com.br\/index.php\/produto\/sa%cc%83o-judas-tadeu-1\/"},"modified":"2022-02-27T08:09:26","modified_gmt":"2022-02-27T11:09:26","slug":"sao-judas-tadeu-1","status":"publish","type":"product","link":"https:\/\/amoazulejo.com.br\/index.php\/produto\/sao-judas-tadeu-1\/","title":{"rendered":"Sa\u0303o Judas Tadeu 1"},"content":{"rendered":"<p>D\u00daVIDAS FREQUENTES<\/p>\n<p>1 \u2013 Qual o tamanho?<br \/>\n\u2013 Personalizamos qualquer tamanho;<\/p>\n<p>2 \u2013 Como voc\u00eas fazem a personaliza\u00e7\u00e3o?<\/p>\n<p>\u2013 A imagem \u00e9 personalizada por processo digital a uma temperatura de 200\u00baC em Porcelana\/Cer\u00e2mica Resinada;<\/p>\n<p>3 \u2013 Quanto tempo para ser feito?<\/p>\n<p>\u2013 O processo de produ\u00e7\u00e3o \u00e9 bem r\u00e1pido, de 1 dias \u00fatil para pequenas quantidades e 7 dias para grandes quantidades;<br \/>\nConsulte o prazo!<\/p>\n<p>4 \u2013 Voc\u00ea tem somente esse produto?<\/p>\n<p>\u2013 N\u00e3o!<br \/>\nN\u00f3s trabalhamos com os mais diversos tipos de porcelanas, tamanhos e formatos.<\/p>\n<p>*Role a p\u00e1gina at\u00e9 o final, procure MAIS AN\u00daNCIOS DO VENDEDOR, clique em VER MAIS.<\/p>\n<p>5 \u2013 Qual o tipo de personaliza\u00e7\u00e3o?<br \/>\n\u2013 Personaliza\u00e7\u00e3o Digital<br \/>\n\u2013 Porcelana Resinada<\/p>\n<p>6 \u2013 Como utilizar?<\/p>\n<p>\u2013 Pode ser aplicado com silicone, argamassa, fita adesiva resistente;<\/p>\n<p>7 \u2013 Qual a Garantia e a durabilidade?<\/p>\n<p>\u2013 ATEN\u00c7\u00c3O: A durabilidade ir\u00e1 variar de acordo com as condi\u00e7\u00f5es naturais em que forem expostas (sol, chuva).<\/p>\n<p>AMBIENTES EXTERNOS: por ser uma porcelana resinada, informamos que para uma melhor durabilidade deve-se passar 2 dem\u00e3os de Verniz UV ou Verniz Naval sobre a porcelana antes de expo-las ao tempo.<br \/>\npor isso ao efetuar a compra conosco, tenha ci\u00eancia que o produto para permanecer em boas condi\u00e7\u00f5es dever\u00e1 contar as condi\u00e7\u00f5es naturais em que ser\u00e3o expostas.<br \/>\n* orienta-se ser fixado com argamassa , plastic ou silicone.<\/p>\n<p>AMBIENTES INTERNOS: se a porcelana n\u00e3o for exposta TEMPO, ao sol e chuva, n\u00e3o h\u00e1 necessidade de utilizar verniz UV sobre a porcelana, o tempo de dura\u00e7\u00e3o \u00e9 infinita!<br \/>\n*Orienta-se ser fixado com argamassa , plastic ou silicone, fita adesiva resistente;<\/p>\n<p>\u2013 ATEN\u00c7\u00c3O: POR SER UMA PORCELANA RESINADA, TORNA-SE SENS\u00cdVEL A RISCOS, SE N\u00c3O FOR CORRETAMENTE MANUSEADA;<br \/>\nO nosso dever \u00e9 que a porcelana chegue em perfeitas condi\u00e7\u00f5es, com alta qualidade e intacta ao cliente,<br \/>\npor\u00e9m ap\u00f3s ser entregue, n\u00e3o nos responsabilizamos por manuseio errado ou avarias que venham ocorrer!<br \/>\nPara isso temos o registro de cada produto que foi enviado, como garantia e transpar\u00eancia para ambas as partes!<\/p>\n","protected":false},"excerpt":{"rendered":"<p>Moisaicos Azulejos Personalizados<\/p>\n<p>O Mosaico 80 x 60 \u00e9 12 pe\u00e7as de 20 por 20;<br \/>\nO Mosaico 60 x 45 \u00e9 12 pe\u00e7as de 15 por 15;<br \/>\nO Mosaico 40 x 30 \u00e9 12 pe\u00e7as de 10 por 10;<\/p>\n<p>Ideal para Lembran\u00e7as e Decora\u00e7\u00f5es;<br \/>\nO azulejo de porcelana \u00e9 uma pe\u00e7a delicada e tem como suas principais fun\u00e7\u00f5es memorar<br \/>\nos lugares, um registro, uma arte, uma homenagem, um presente personalizado, uma decora\u00e7\u00e3o exclusiva;<\/p>\n","protected":false},"featured_media":3594,"comment_status":"open","ping_status":"closed","template":"","meta":{"inline_featured_image":false},"product_cat":[158,15,156,146],"product_tag":[211,210],"class_list":{"0":"post-3595","1":"product","2":"type-product","3":"status-publish","4":"has-post-thumbnail","6":"product_cat-arte-sacra","7":"product_cat-colecoes","8":"product_cat-mosaicos","9":"product_cat-religiao","10":"product_tag-40-x-30","11":"product_tag-80-x-60","13":"first","14":"instock","15":"shipping-taxable","16":"purchasable","17":"product-type-variable","18":"add-to-wishlist-after_add_to_cart"},"aioseo_notices":[],"acf":[],"_links":{"self":[{"href":"https:\/\/amoazulejo.com.br\/index.php\/wp-json\/wp\/v2\/product\/3595","targetHints":{"allow":["GET"]}}],"collection":[{"href":"https:\/\/amoazulejo.com.br\/index.php\/wp-json\/wp\/v2\/product"}],"about":[{"href":"https:\/\/amoazulejo.com.br\/index.php\/wp-json\/wp\/v2\/types\/product"}],"replies":[{"embeddable":true,"href":"https:\/\/amoazulejo.com.br\/index.php\/wp-json\/wp\/v2\/comments?post=3595"}],"version-history":[{"count":0,"href":"https:\/\/amoazulejo.com.br\/index.php\/wp-json\/wp\/v2\/product\/3595\/revisions"}],"wp:featuredmedia":[{"embeddable":true,"href":"https:\/\/amoazulejo.com.br\/index.php\/wp-json\/wp\/v2\/media\/3594"}],"wp:attachment":[{"href":"https:\/\/amoazulejo.com.br\/index.php\/wp-json\/wp\/v2\/media?parent=3595"}],"wp:term":[{"taxonomy":"product_cat","embeddable":true,"href":"https:\/\/amoazulejo.com.br\/index.php\/wp-json\/wp\/v2\/product_cat?post=3595"},{"taxonomy":"product_tag","embeddable":true,"href":"https:\/\/amoazulejo.com.br\/index.php\/wp-json\/wp\/v2\/product_tag?post=3595"}],"curies":[{"name":"wp","href":"https:\/\/api.w.org\/{rel}","templated":true}]}}