{"id":3766,"date":"2022-02-24T21:34:11","date_gmt":"2022-02-25T00:34:11","guid":{"rendered":"https:\/\/amoazulejo.com.br\/index.php\/produto\/azulejo-personalizado-foto-porta-retrato\/"},"modified":"2023-12-14T18:56:22","modified_gmt":"2023-12-14T21:56:22","slug":"azulejo-personalizado-foto-porta-retrato","status":"publish","type":"product","link":"https:\/\/amoazulejo.com.br\/index.php\/produto\/azulejo-personalizado-foto-porta-retrato\/","title":{"rendered":"Azulejo Personalizado Foto Porta Retrato"},"content":{"rendered":"<p>D\u00daVIDAS FREQUENTES<\/p>\n<p>1 &#8211; Como envio a a foto?<br \/>-Durante a compra ir\u00e1 aparecer um local para anexar a sua foto ou imagem;<\/p>\n<p>OBS: \u00e9 importante que a foto esteja com boa resolu\u00e7\u00e3o para que a mesma possa sair com qualidade na personaliza\u00e7\u00e3o;<\/p>\n<p>2. Personaliza qualquer imagem?<\/p>\n<p>&#8211; Sim personalizamos qualquer imagem, \u00e9 necess\u00e1rio que esteja em boa defini\u00e7\u00e3o para que o trabalho saia em excelente qualidade;<\/p>\n<p>3 &#8211; Como voc\u00eas fazem as fotos?<\/p>\n<p>&#8211; A Foto \u00e9 personalizada por processo digital em Porcelana Resinada<\/p>\n<p>4 &#8211; Quanto tempo para ser feito?<\/p>\n<p>&#8211; O processo de produ\u00e7\u00e3o \u00e9 bem r\u00e1pido, de 1 dias \u00fatil, ap\u00f3s a aprova\u00e7\u00e3o da arte. Por isso logo ap\u00f3s a compra envie as informa\u00e7\u00f5es para acelerar o processo de produ\u00e7\u00e3o.<\/p>\n<p>5 &#8211; Voc\u00ea tem somente esse produto?<\/p>\n<p>&#8211; N\u00e3o, n\u00f3s trabalhamos com os mais diversos tipos de porcelanas, tamanhos e formatos. <\/p>\n<p>6 &#8211; Qual o tipo de personaliza\u00e7\u00e3o?<br \/>&#8211; Personaliza\u00e7\u00e3o Digital<br \/>&#8211; Porcelana Resinada<\/p>\n<p>7 &#8211; Qual a Garantia e a durabilidade?<\/p>\n<p>&#8211; ATEN\u00c7\u00c3O: A durabilidade ir\u00e1 variar de acordo com as condi\u00e7\u00f5es naturais em que forem expostas (sol,chuva),<\/p>\n<p>AMBIENTES EXTERNOS: por ser uma porcelana resinada, informamos que para uma melhor durabilidade deve-se passar 2 dem\u00e3os de Verniz UV ou verniz naval, sobre a porcelana antes de expo-las ao tempo.<br \/>por isso ao efetuar a compra conosco, tenha ci\u00eancia que o produto para permanecer em boas condi\u00e7\u00f5es dever\u00e1 contar as condi\u00e7\u00f5es naturais em que ser\u00e3o expostas;<br \/>* orienta-se ser fixado com argamassa , plastic ou silicone;<\/p>\n<p>AMBIENTES INTERNOS: se a porcelana n\u00e3o for exposta ao tempo, ao sol e chuva,tem dura\u00e7\u00e3o infinita, sem a necessidade de utilizar verniz para prote\u00e7\u00e3o;<br \/>* orienta-se ser fixado com argamassa , plastic ou silicone, fita adesiva resistente;<\/p>\n<p>Obs: Os processo de l\u00e1pide feitos para serem vital\u00edcios podem custar at\u00e9 R$500,00, por isso a op\u00e7\u00e3o que oferecemos \u00e9 de popularizar uma homenagem, <br \/>como o nossa porcelana,para l\u00e1pide de seu ente querido;<\/p>\n<p>&#8211; ATEN\u00c7\u00c3O: POR SER UMA PORCELANA RESINADA, TORNA-SE SENS\u00cdVEL A RISCOS, SE N\u00c3O FOR CORRETAMENTE MANUSEADA;<\/p>\n<p>GARANTIA: O nosso dever \u00e9 que a porcelana chegue em perfeitas condi\u00e7\u00f5es, com alta qualidade e intacta at\u00e9 voc\u00ea, <br \/>por\u00e9m ap\u00f3s ser entregue, n\u00e3o nos responsabilizamos por manuseio errado,avarias e riscos,que vanham ocorrer!<br \/>Para isso temos o registro de cada produto que foi enviado, como garantia e transpar\u00eancia para ambas as partes!0<\/p>\n","protected":false},"excerpt":{"rendered":"<p>Azulejo Personalizado<br \/>Ideal para Lembran\u00e7as e Decora\u00e7\u00f5es;<br \/>O azulejo de porcelana \u00e9 uma pe\u00e7a delicada e tem como suas principais fun\u00e7\u00f5es memorar <br \/>os lugares, um registro, uma arte, um presente personalizado, uma decora\u00e7\u00e3o exclusiva;<br \/>uma homenagem, agindo como uma forma carinhosa da fam\u00edlia a honrara mem\u00f3ria do ente falecido.<\/p>\n<p>Agora \u00e9 com voc\u00ea, homenageie algu\u00e9m especial e eternize mem\u00f3rias!<\/p>\n<p><\/p>\n","protected":false},"featured_media":4103,"comment_status":"open","ping_status":"closed","template":"","meta":{"inline_featured_image":false},"product_cat":[205,112],"product_tag":[],"class_list":{"0":"post-3766","1":"product","2":"type-product","3":"status-publish","4":"has-post-thumbnail","6":"product_cat-azulejo-do-seu-jeito","7":"product_cat-personalizados","9":"first","10":"instock","11":"featured","12":"shipping-taxable","13":"purchasable","14":"product-type-variable","15":"add-to-wishlist-after_add_to_cart"},"aioseo_notices":[],"acf":[],"_links":{"self":[{"href":"https:\/\/amoazulejo.com.br\/index.php\/wp-json\/wp\/v2\/product\/3766","targetHints":{"allow":["GET"]}}],"collection":[{"href":"https:\/\/amoazulejo.com.br\/index.php\/wp-json\/wp\/v2\/product"}],"about":[{"href":"https:\/\/amoazulejo.com.br\/index.php\/wp-json\/wp\/v2\/types\/product"}],"replies":[{"embeddable":true,"href":"https:\/\/amoazulejo.com.br\/index.php\/wp-json\/wp\/v2\/comments?post=3766"}],"version-history":[{"count":0,"href":"https:\/\/amoazulejo.com.br\/index.php\/wp-json\/wp\/v2\/product\/3766\/revisions"}],"wp:featuredmedia":[{"embeddable":true,"href":"https:\/\/amoazulejo.com.br\/index.php\/wp-json\/wp\/v2\/media\/4103"}],"wp:attachment":[{"href":"https:\/\/amoazulejo.com.br\/index.php\/wp-json\/wp\/v2\/media?parent=3766"}],"wp:term":[{"taxonomy":"product_cat","embeddable":true,"href":"https:\/\/amoazulejo.com.br\/index.php\/wp-json\/wp\/v2\/product_cat?post=3766"},{"taxonomy":"product_tag","embeddable":true,"href":"https:\/\/amoazulejo.com.br\/index.php\/wp-json\/wp\/v2\/product_tag?post=3766"}],"curies":[{"name":"wp","href":"https:\/\/api.w.org\/{rel}","templated":true}]}}